{"id":25,"date":"2011-06-07T18:25:38","date_gmt":"2011-06-07T18:25:38","guid":{"rendered":"http:\/\/bromasymasbromas.com\/?page_id=25"},"modified":"2023-05-31T13:12:36","modified_gmt":"2023-05-31T13:12:36","slug":"sobre-nosotros","status":"publish","type":"page","link":"https:\/\/bromasymasbromas.com\/?page_id=25","title":{"rendered":"NOSOTROS"},"content":{"rendered":"<h4><strong><span style=\"color: #000000;\">Somos una compa\u00f1\u00eda netamente puertorrique\u00f1a,&nbsp;con sobre 20 a\u00f1os de experiencia en tiendas de conveniencia. Estamos comprometidos con todos nuestros clientes en darle un servicio personalizado y de calidad. Los empaques y los juguetes que trabajamos est\u00e1n dise\u00f1ados con llamativos colores que f\u00e1cilmente atraen la atenci\u00f3n tanto de adultos como de ni\u00f1os. Todos nuestros productos son fabricados por las compa\u00f1\u00edas &nbsp;l\u00edderes mundialmente en la confecci\u00f3n de juguetes para &#8220;racks&#8221;, tanto de piso como de mostrador.<\/span><\/strong><\/h4>\n<h4><strong><span style=\"color: #000000;\">&nbsp;<\/span><\/strong><\/h4>\n<p style=\"text-align: center;\"><span style=\"color: #000000;\"><a href=\"http:\/\/bromasymasbromas.com\/wp-content\/uploads\/2011\/06\/2269a-2.jpg\"><\/a><a href=\"http:\/\/bromasymasbromas.com\/wp-content\/uploads\/2011\/06\/0923.jpg\"><\/a><a href=\"http:\/\/bromasymasbromas.com\/wp-content\/uploads\/2011\/06\/0731a.jpg\"><img loading=\"lazy\" decoding=\"async\" class=\"alignright size-medium wp-image-170\" title=\"0731a\" src=\"http:\/\/bromasymasbromas.com\/wp-content\/uploads\/2011\/06\/0731a-197x300.jpg\" alt=\"\" width=\"197\" height=\"300\" srcset=\"https:\/\/bromasymasbromas.com\/wp-content\/uploads\/2011\/06\/0731a-197x300.jpg 197w, https:\/\/bromasymasbromas.com\/wp-content\/uploads\/2011\/06\/0731a.jpg 493w\" sizes=\"auto, (max-width: 197px) 100vw, 197px\" \/><\/a><a href=\"http:\/\/bromasymasbromas.com\/wp-content\/uploads\/2011\/06\/2159.jpg\"><img loading=\"lazy\" decoding=\"async\" class=\"alignleft size-medium wp-image-168\" title=\"2159\" src=\"http:\/\/bromasymasbromas.com\/wp-content\/uploads\/2011\/06\/2159-198x300.jpg\" alt=\"\" width=\"178\" height=\"270\" srcset=\"https:\/\/bromasymasbromas.com\/wp-content\/uploads\/2011\/06\/2159-198x300.jpg 198w, https:\/\/bromasymasbromas.com\/wp-content\/uploads\/2011\/06\/2159.jpg 496w\" sizes=\"auto, (max-width: 178px) 100vw, 178px\" \/><\/a><a href=\"http:\/\/bromasymasbromas.com\/wp-content\/uploads\/2011\/06\/4109.jpg\"><img loading=\"lazy\" decoding=\"async\" class=\"aligncenter size-medium wp-image-166\" title=\"4109\" src=\"http:\/\/bromasymasbromas.com\/wp-content\/uploads\/2011\/06\/4109-176x300.jpg\" alt=\"\" width=\"158\" height=\"270\" srcset=\"https:\/\/bromasymasbromas.com\/wp-content\/uploads\/2011\/06\/4109-176x300.jpg 176w, https:\/\/bromasymasbromas.com\/wp-content\/uploads\/2011\/06\/4109.jpg 441w\" sizes=\"auto, (max-width: 158px) 100vw, 158px\" \/><\/a><\/span><\/p>\n","protected":false},"excerpt":{"rendered":"<p>Somos una compa\u00f1\u00eda netamente puertorrique\u00f1a,&nbsp;con sobre 20 a\u00f1os de experiencia en tiendas de conveniencia. Estamos comprometidos con todos nuestros clientes en darle un servicio personalizado y de calidad. Los empaques y los juguetes que trabajamos est\u00e1n dise\u00f1ados con llamativos colores que f\u00e1cilmente atraen la atenci\u00f3n tanto de adultos como de ni\u00f1os. Todos nuestros productos son &#8230; <a title=\"NOSOTROS\" class=\"read-more\" href=\"https:\/\/bromasymasbromas.com\/?page_id=25\">Read more<span class=\"screen-reader-text\">NOSOTROS<\/span><\/a><\/p>\n","protected":false},"author":1,"featured_media":0,"parent":0,"menu_order":0,"comment_status":"closed","ping_status":"closed","template":"","meta":{"footnotes":""},"class_list":["post-25","page","type-page","status-publish"],"_links":{"self":[{"href":"https:\/\/bromasymasbromas.com\/index.php?rest_route=\/wp\/v2\/pages\/25","targetHints":{"allow":["GET"]}}],"collection":[{"href":"https:\/\/bromasymasbromas.com\/index.php?rest_route=\/wp\/v2\/pages"}],"about":[{"href":"https:\/\/bromasymasbromas.com\/index.php?rest_route=\/wp\/v2\/types\/page"}],"author":[{"embeddable":true,"href":"https:\/\/bromasymasbromas.com\/index.php?rest_route=\/wp\/v2\/users\/1"}],"replies":[{"embeddable":true,"href":"https:\/\/bromasymasbromas.com\/index.php?rest_route=%2Fwp%2Fv2%2Fcomments&post=25"}],"version-history":[{"count":6,"href":"https:\/\/bromasymasbromas.com\/index.php?rest_route=\/wp\/v2\/pages\/25\/revisions"}],"predecessor-version":[{"id":1436,"href":"https:\/\/bromasymasbromas.com\/index.php?rest_route=\/wp\/v2\/pages\/25\/revisions\/1436"}],"wp:attachment":[{"href":"https:\/\/bromasymasbromas.com\/index.php?rest_route=%2Fwp%2Fv2%2Fmedia&parent=25"}],"curies":[{"name":"wp","href":"https:\/\/api.w.org\/{rel}","templated":true}]}}